{"id":9,"date":"2023-05-16T13:46:21","date_gmt":"2023-05-16T13:46:21","guid":{"rendered":"https:\/\/navest.ee\/?page_id=9"},"modified":"2025-12-16T18:40:02","modified_gmt":"2025-12-16T18:40:02","slug":"avaleht","status":"publish","type":"page","link":"https:\/\/navest.ee\/et\/","title":{"rendered":"Avaleht"},"content":{"rendered":"<p>[et_pb_section fb_built=&#8221;1&#8243; _builder_version=&#8221;4.21.0&#8243; _module_preset=&#8221;default&#8221; background_image=&#8221;https:\/\/navest.ee\/wp-content\/uploads\/2023\/05\/gettyimages-115970388_high-1920&#215;1280-1.jpg&#8221; custom_padding=&#8221;100px||100px||true|&#8221; global_colors_info=&#8221;{}&#8221;][et_pb_row _builder_version=&#8221;4.21.0&#8243; _module_preset=&#8221;default&#8221; global_colors_info=&#8221;{}&#8221;][et_pb_column type=&#8221;4_4&#8243; _builder_version=&#8221;4.21.0&#8243; _module_preset=&#8221;default&#8221; global_colors_info=&#8221;{}&#8221;][et_pb_image src=&#8221;https:\/\/navest.ee\/wp-content\/uploads\/2023\/05\/navest_agency-logo.png&#8221; title_text=&#8221;navest_agency-logo&#8221; url=&#8221;https:\/\/navest.ee\/&#8221; align=&#8221;center&#8221; _builder_version=&#8221;4.21.0&#8243; _module_preset=&#8221;default&#8221; background_color=&#8221;RGBA(255,255,255,0)&#8221; global_colors_info=&#8221;{}&#8221;][\/et_pb_image][\/et_pb_column][\/et_pb_row][et_pb_row column_structure=&#8221;3_5,2_5&#8243; _builder_version=&#8221;4.21.0&#8243; _module_preset=&#8221;default&#8221; background_color=&#8221;rgba(255,255,255,0.79)&#8221; custom_padding=&#8221;20px|20px|20px|20px|true|true&#8221; border_radii=&#8221;off|20px|20px|20px|20px&#8221; global_colors_info=&#8221;{}&#8221;][et_pb_column type=&#8221;3_5&#8243; _builder_version=&#8221;4.21.0&#8243; _module_preset=&#8221;default&#8221; global_colors_info=&#8221;{}&#8221;][et_pb_text _builder_version=&#8221;4.21.0&#8243; _module_preset=&#8221;default&#8221; global_colors_info=&#8221;{}&#8221;]<\/p>\n<h1>NAVEST AGENCY O\u00dc<\/h1>\n<blockquote>\n<p><strong style=\"font-size: 18px;\">Eesti Veeteede Ameti poolt tunnustatud laevade agenteerimisega tegelev ettev\u00f5te aastast 1998.<\/strong><\/p>\n<\/blockquote>\n<p>NavEst Agency O\u00dc`l on agenteerimise kogemusi vedellasti-, kuivlasti-, militaar-, ro-ro-, reisi-, hobi- kui ka erit\u00f6\u00f6de- ja uurimislaevadega.<\/p>\n<p>T\u00f6\u00f6tame k\u00f5igis Eesti sadamates ning ankrualadel, peamiselt Tallinna reidil, Paldiski-L\u00f5unasadamas, Sillam\u00e4e -ja Muuga sadamas.<\/p>\n<p>T\u00e4nu mitmetele professionaalset koost\u00f6\u00f6partnerlust omavatele suhetele on NavEst Agency O\u00dc p\u00e4dev teostama merenduse ja logistikaalaseid riskianal\u00fc\u00fcse ja konsultatsioone.<\/p>\n\n\t\t<style type=\"text\/css\">\n\t\t\t#gallery-1 {\n\t\t\t\tmargin: auto;\n\t\t\t}\n\t\t\t#gallery-1 .gallery-item {\n\t\t\t\tfloat: left;\n\t\t\t\tmargin-top: 10px;\n\t\t\t\ttext-align: center;\n\t\t\t\twidth: 25%;\n\t\t\t}\n\t\t\t#gallery-1 img {\n\t\t\t\tborder: 2px solid #cfcfcf;\n\t\t\t}\n\t\t\t#gallery-1 .gallery-caption {\n\t\t\t\tmargin-left: 0;\n\t\t\t}\n\t\t\t\/* see gallery_shortcode() in wp-includes\/media.php *\/\n\t\t<\/style>\n\t\t<div id='gallery-1' class='gallery galleryid-9 gallery-columns-4 gallery-size-thumbnail'><dl class='gallery-item'>\n\t\t\t<dt class='gallery-icon landscape'>\n\t\t\t\t<img loading=\"lazy\" decoding=\"async\" width=\"150\" height=\"127\" src=\"https:\/\/navest.ee\/wp-content\/uploads\/2023\/05\/4-sm-150x127.jpg\" class=\"attachment-thumbnail size-thumbnail\" alt=\"\" \/>\n\t\t\t<\/dt><\/dl><dl class='gallery-item'>\n\t\t\t<dt class='gallery-icon landscape'>\n\t\t\t\t<img loading=\"lazy\" decoding=\"async\" width=\"150\" height=\"127\" src=\"https:\/\/navest.ee\/wp-content\/uploads\/2023\/05\/3-sm-150x127.jpg\" class=\"attachment-thumbnail size-thumbnail\" alt=\"\" \/>\n\t\t\t<\/dt><\/dl><dl class='gallery-item'>\n\t\t\t<dt class='gallery-icon landscape'>\n\t\t\t\t<img loading=\"lazy\" decoding=\"async\" width=\"150\" height=\"127\" src=\"https:\/\/navest.ee\/wp-content\/uploads\/2023\/05\/2-sm-150x127.jpg\" class=\"attachment-thumbnail size-thumbnail\" alt=\"\" \/>\n\t\t\t<\/dt><\/dl><dl class='gallery-item'>\n\t\t\t<dt class='gallery-icon landscape'>\n\t\t\t\t<img loading=\"lazy\" decoding=\"async\" width=\"150\" height=\"127\" src=\"https:\/\/navest.ee\/wp-content\/uploads\/2023\/05\/1-sm-150x127.jpg\" class=\"attachment-thumbnail size-thumbnail\" alt=\"\" \/>\n\t\t\t<\/dt><\/dl><br style=\"clear: both\" \/>\n\t\t<\/div>\n\n<p>[\/et_pb_text][et_pb_cta title=&#8221;We are available 24\/7&#8243; button_url=&#8221;https:\/\/navest.ee\/contact\/&#8221; button_text=&#8221;Contact Us&#8221; _builder_version=&#8221;4.21.0&#8243; _module_preset=&#8221;default&#8221; link_option_url=&#8221;https:\/\/navest.ee\/contact\/&#8221; global_colors_info=&#8221;{}&#8221; locked=&#8221;off&#8221;]<\/p>\n<p>Do you have a questions or need a query? <br \/>Write or call us immediately and we will respond ASAP!<\/p>\n<p>[\/et_pb_cta][\/et_pb_column][et_pb_column type=&#8221;2_5&#8243; _builder_version=&#8221;4.21.0&#8243; _module_preset=&#8221;default&#8221; global_colors_info=&#8221;{}&#8221;][et_pb_text _builder_version=&#8221;4.21.0&#8243; _module_preset=&#8221;default&#8221; global_module=&#8221;118&#8243; saved_tabs=&#8221;all&#8221; global_colors_info=&#8221;{}&#8221;]<\/p>\n<h2>Kontakt<\/h2>\n<p><strong>Navest Agency O\u00dc<\/strong><br \/>Reg. kood: 11397928<br \/>KMKR kood: EE101748096<br \/>EORI : EE11397928<\/p>\n<p><strong>Aadress<\/strong><br \/>Hobujaama 4, Tallinn<br \/>10151, Estonia<\/p>\n<p><strong>Telefon<\/strong><br \/>24\/7: +372 5035 796 \/ +372 5157 209<\/p>\n<p><strong>E-mail<\/strong><br \/><a href=\"mailto:agency@navest.ee\">agency@navest.ee<\/a><\/p>\n<p>&nbsp;<\/p>\n<section class=\"social\"><a href=\"https:\/\/www.facebook.com\/navestshipping\"><img decoding=\"async\" src=\"https:\/\/navest.ee\/wp-content\/uploads\/2023\/05\/fb.png\" alt=\"Facebook\" \/><\/a> <a href=\"https:\/\/www.linkedin.com\/company\/navest-shipping-llc\/\"><img decoding=\"async\" src=\"https:\/\/navest.ee\/wp-content\/uploads\/2023\/05\/linkedin.png\" alt=\"Linkedin\" \/><\/a><\/section>\n<p>[\/et_pb_text][et_pb_image src=&#8221;https:\/\/navest.ee\/wp-content\/uploads\/2023\/05\/chamber-300&#215;81.png&#8221; title_text=&#8221;chamber&#8221; url=&#8221;https:\/\/www.koda.ee\/en&#8221; url_new_window=&#8221;on&#8221; _builder_version=&#8221;4.21.0&#8243; _module_preset=&#8221;default&#8221; background_color=&#8221;#FFFFFF&#8221; custom_margin=&#8221;0px|0px|0px|0px|true|true&#8221; custom_padding=&#8221;20px|20px|20px|20px|true|true&#8221; global_module=&#8221;119&#8243; saved_tabs=&#8221;all&#8221; global_colors_info=&#8221;{}&#8221;][\/et_pb_image][et_pb_text _builder_version=&#8221;4.27.5&#8243; _module_preset=&#8221;default&#8221; custom_padding=&#8221;20px||||false|false&#8221; locked=&#8221;off&#8221; global_colors_info=&#8221;{}&#8221;]<\/p>\n<p><img loading=\"lazy\" decoding=\"async\" src=\"https:\/\/navest.ee\/wp-content\/uploads\/2025\/12\/NAVEST_AGENCY_OU_TOP_2025-150x150.png\" width=\"150\" height=\"150\" alt=\"\" class=\"wp-image-366 alignnone size-thumbnail\" \/><img loading=\"lazy\" decoding=\"async\" src=\"https:\/\/navest.ee\/wp-content\/uploads\/2024\/11\/top2024-150x150.png\" width=\"150\" height=\"150\" alt=\"\" class=\"wp-image-355 alignnone size-thumbnail\" \/><img loading=\"lazy\" decoding=\"async\" src=\"https:\/\/navest.ee\/wp-content\/uploads\/2024\/11\/top2023-150x150.png\" width=\"150\" height=\"150\" alt=\"\" class=\"wp-image-353 alignnone size-thumbnail\" \/><img loading=\"lazy\" decoding=\"async\" src=\"https:\/\/navest.ee\/wp-content\/uploads\/2024\/11\/top2022-150x150.png\" width=\"150\" height=\"150\" alt=\"\" class=\"wp-image-351 alignnone size-thumbnail\" \/><\/p>\n<p>[\/et_pb_text][\/et_pb_column][\/et_pb_row][\/et_pb_section][et_pb_section fb_built=&#8221;1&#8243; _builder_version=&#8221;4.21.0&#8243; _module_preset=&#8221;default&#8221; global_colors_info=&#8221;{}&#8221;][et_pb_row column_structure=&#8221;1_3,1_3,1_3&#8243; _builder_version=&#8221;4.21.0&#8243; _module_preset=&#8221;default&#8221; global_colors_info=&#8221;{}&#8221;][et_pb_column type=&#8221;1_3&#8243; _builder_version=&#8221;4.21.0&#8243; _module_preset=&#8221;default&#8221; global_colors_info=&#8221;{}&#8221;][et_pb_text _builder_version=&#8221;4.21.0&#8243; _module_preset=&#8221;default&#8221; global_colors_info=&#8221;{}&#8221;]<\/p>\n<h2>Teenused<\/h2>\n<p>[\/et_pb_text][et_pb_image src=&#8221;https:\/\/navest.ee\/wp-content\/uploads\/2023\/05\/col-1-367&#215;170-1.png&#8221; title_text=&#8221;col-1-367&#215;170&#8243; _builder_version=&#8221;4.21.0&#8243; _module_preset=&#8221;default&#8221; global_colors_info=&#8221;{}&#8221;][\/et_pb_image][et_pb_text _builder_version=&#8221;4.21.0&#8243; _module_preset=&#8221;default&#8221; global_colors_info=&#8221;{}&#8221;]<\/p>\n<p>T\u00e4nase seisuga on NavEst Agency O\u00dc spetsialiseerunud peamiselt vedellasti laevade agenteerimisele, kuid talveti tegeletakse ka autolaevadega (car-carriers) ning v\u00e4hesel m\u00e4\u00e4ral ka kuiv- ja puistelasti laevade agenteerimistega.<\/p>\n<p>[\/et_pb_text][\/et_pb_column][et_pb_column type=&#8221;1_3&#8243; _builder_version=&#8221;4.21.0&#8243; _module_preset=&#8221;default&#8221; global_colors_info=&#8221;{}&#8221;][et_pb_text _builder_version=&#8221;4.21.0&#8243; _module_preset=&#8221;default&#8221; global_colors_info=&#8221;{}&#8221;]<\/p>\n<h2>Kogemused<\/h2>\n<p>[\/et_pb_text][et_pb_image src=&#8221;https:\/\/navest.ee\/wp-content\/uploads\/2023\/05\/kogemused-2-367&#215;170-1.jpg&#8221; title_text=&#8221;kogemused-2-367&#215;170&#8243; _builder_version=&#8221;4.21.0&#8243; _module_preset=&#8221;default&#8221; global_colors_info=&#8221;{}&#8221;][\/et_pb_image][et_pb_text _builder_version=&#8221;4.21.0&#8243; _module_preset=&#8221;default&#8221; global_colors_info=&#8221;{}&#8221;]<\/p>\n<p>NavEst Agency O\u00dc`l on agenteerimise kogemusi vedellasti-, kuivlasti-, militaar-, ro-ro-, reisi-, hobi- kui ka erit\u00f6\u00f6de- ja uurimislaevadega.<\/p>\n<p>[\/et_pb_text][\/et_pb_column][et_pb_column type=&#8221;1_3&#8243; _builder_version=&#8221;4.21.0&#8243; _module_preset=&#8221;default&#8221; global_colors_info=&#8221;{}&#8221;][et_pb_text _builder_version=&#8221;4.21.0&#8243; _module_preset=&#8221;default&#8221; global_colors_info=&#8221;{}&#8221;]<\/p>\n<h2>TANKERID<\/h2>\n<p>[\/et_pb_text][et_pb_image src=&#8221;https:\/\/navest.ee\/wp-content\/uploads\/2023\/05\/front_lion_dji_0175-367&#215;170-1.jpg&#8221; title_text=&#8221;front_lion_dji_0175-367&#215;170&#8243; _builder_version=&#8221;4.21.0&#8243; _module_preset=&#8221;default&#8221; global_colors_info=&#8221;{}&#8221;][\/et_pb_image][et_pb_text _builder_version=&#8221;4.21.0&#8243; _module_preset=&#8221;default&#8221; global_colors_info=&#8221;{}&#8221;]<\/p>\n<p>Enamus agentuuri poolt agenteeritavatest laevadest on vedellasti tankerid, tegemist on nii v\u00e4ikeste alustega, kui ka Aframax, Suezmax ja VLCC t\u00fc\u00fcpi tankeritega. Samuti on ettev\u00f5te t\u00f6\u00f6tanud ka gaasitankeritega.<\/p>\n<p>[\/et_pb_text][\/et_pb_column][\/et_pb_row][\/et_pb_section]<\/p>\n","protected":false},"excerpt":{"rendered":"<p>NAVEST AGENCY O\u00dc Eesti Veeteede Ameti poolt tunnustatud laevade agenteerimisega tegelev ettev\u00f5te aastast 1998. NavEst Agency O\u00dc`l on agenteerimise kogemusi vedellasti-, kuivlasti-, militaar-, ro-ro-, reisi-, hobi- kui ka erit\u00f6\u00f6de- ja uurimislaevadega. T\u00f6\u00f6tame k\u00f5igis Eesti sadamates ning ankrualadel, peamiselt Tallinna reidil, Paldiski-L\u00f5unasadamas, Sillam\u00e4e -ja Muuga sadamas. T\u00e4nu mitmetele professionaalset koost\u00f6\u00f6partnerlust omavatele suhetele on NavEst Agency O\u00dc [&hellip;]<\/p>\n","protected":false},"author":1,"featured_media":0,"parent":0,"menu_order":0,"comment_status":"closed","ping_status":"closed","template":"","meta":{"_et_pb_use_builder":"on","_et_pb_old_content":"","_et_gb_content_width":"","footnotes":""},"class_list":["post-9","page","type-page","status-publish","hentry"],"_links":{"self":[{"href":"https:\/\/navest.ee\/et\/wp-json\/wp\/v2\/pages\/9","targetHints":{"allow":["GET"]}}],"collection":[{"href":"https:\/\/navest.ee\/et\/wp-json\/wp\/v2\/pages"}],"about":[{"href":"https:\/\/navest.ee\/et\/wp-json\/wp\/v2\/types\/page"}],"author":[{"embeddable":true,"href":"https:\/\/navest.ee\/et\/wp-json\/wp\/v2\/users\/1"}],"replies":[{"embeddable":true,"href":"https:\/\/navest.ee\/et\/wp-json\/wp\/v2\/comments?post=9"}],"version-history":[{"count":23,"href":"https:\/\/navest.ee\/et\/wp-json\/wp\/v2\/pages\/9\/revisions"}],"predecessor-version":[{"id":370,"href":"https:\/\/navest.ee\/et\/wp-json\/wp\/v2\/pages\/9\/revisions\/370"}],"wp:attachment":[{"href":"https:\/\/navest.ee\/et\/wp-json\/wp\/v2\/media?parent=9"}],"curies":[{"name":"wp","href":"https:\/\/api.w.org\/{rel}","templated":true}]}}